{"id":140,"date":"2016-11-30T09:45:42","date_gmt":"2016-11-30T08:45:42","guid":{"rendered":"http:\/\/villa-clarte.com\/?page_id=140\/"},"modified":"2026-03-12T05:36:58","modified_gmt":"2026-03-12T04:36:58","slug":"villa-clarte","status":"publish","type":"page","link":"https:\/\/villa-clarte.com\/en\/","title":{"rendered":"VILLA CLARTE"},"content":{"rendered":"<section class=\"parallax-box image-parallax-box \" ><div class=\"parallax-content\">\n<section class=\"lazy-load-box trigger effect-slidedown \" data-delay=\"0\" data-speed=\"600\" style=\"-webkit-transition: all 600ms ease; -moz-transition: all 600ms ease; -ms-transition: all 600ms ease; -o-transition: all 600ms ease; transition: all 600ms ease;\">\n<h1><span class=\"T0\">VILLA CLARTE CAP FERRET<\/span><br \/>\n<span class=\"T0\">Our holiday homes rentals<\/span><\/h1>\n<\/section>\n<div class=\"clear\"><\/div><\/div><div class=\"parallax-bg\" data-parallax-type=\"image\" data-img-url=\"https:\/\/villa-clarte.com\/wp-content\/uploads\/2018\/11\/LA-POINTE-DU-PILAT.jpg\" data-speed=\"1.5\" data-invert=\"false\" ><\/div><\/section>\n<h2><div class=\"title-box clearfix title-box__style-1\"><h2 class=\"title-box_primary\">VILLA CLART\u00e9 - VILLA LE BEULICQ<\/h2><h3 class=\"title-box_secondary\">Village of Piraillan - Commune of L\u00e8ge Cap Ferret<\/h3><\/div><!-- \/\/.title-box --><\/h2>\n<div class=\"row \">\n<div class=\"span4 \"><section class=\"lazy-load-box trigger effect-fade \" data-delay=\"200\" data-speed=\"600\" style=\"-webkit-transition: all 600ms ease; -moz-transition: all 600ms ease; -ms-transition: all 600ms ease; -o-transition: all 600ms ease; transition: all 600ms ease;\">\n<div class=\"banner-wrap banner-wrap__style-1\"><figure class=\"featured-thumbnail\"><a href=\"https:\/\/villa-clarte.com\/en\/villa-clarte-2\/\" title=\"LA VILLA CLARTE\"><img decoding=\"async\" src=\"https:\/\/villa-clarte.com\/wp-content\/uploads\/2017\/01\/VILLA-LE-BEULICQ.jpg\" title=\"LA VILLA CLARTE\" alt=\"\" \/><\/a><\/figure><h5>LA VILLA CLARTE<\/h5><p>3 Bedrooms, Sleeps 6...<\/p><\/div><!-- .banner-wrap (end) -->\n<\/section><\/div>\n<div class=\"span4 \"><section class=\"lazy-load-box trigger effect-fade \" data-delay=\"400\" data-speed=\"600\" style=\"-webkit-transition: all 600ms ease; -moz-transition: all 600ms ease; -ms-transition: all 600ms ease; -o-transition: all 600ms ease; transition: all 600ms ease;\">\n<div class=\"banner-wrap banner-wrap__style-1\"><figure class=\"featured-thumbnail\"><a href=\"https:\/\/villa-clarte.com\/en\/villa-le-beulicq\/\" title=\"LA VILLA LE BEULICQ\"><img decoding=\"async\" src=\"https:\/\/villa-clarte.com\/wp-content\/uploads\/2016\/11\/VILLA-CLARTE.jpg\" title=\"LA VILLA LE BEULICQ\" alt=\"\" \/><\/a><\/figure><h5>LA VILLA LE BEULICQ<\/h5><p>1 Bedroom, Sleeps 4...<\/p><\/div><!-- .banner-wrap (end) -->\n<\/section><\/div>\n<div class=\"span4 \"><section class=\"lazy-load-box trigger effect-fade \" data-delay=\"600\" data-speed=\"600\" style=\"-webkit-transition: all 600ms ease; -moz-transition: all 600ms ease; -ms-transition: all 600ms ease; -o-transition: all 600ms ease; transition: all 600ms ease;\">\n<div class=\"banner-wrap banner-wrap__style-1\"><figure class=\"featured-thumbnail\"><a href=\"https:\/\/villa-clarte.com\/en\/village-de-piraillan\/\" title=\"PRESQU'\u00ceLE DU CAP FERRET\"><img decoding=\"async\" src=\"https:\/\/villa-clarte.com\/wp-content\/uploads\/2016\/11\/PIRAILLAN.jpg\" title=\"PRESQU'\u00ceLE DU CAP FERRET\" alt=\"\" \/><\/a><\/figure><h5>PRESQU'\u00ceLE DU CAP FERRET<\/h5><p>Village of PIRAILLAN<\/p><\/div><!-- .banner-wrap (end) -->\n<\/section><\/div>\n<\/div><!-- .row (end) -->\n<div class=\"title-box clearfix title-box__style-2\"><h2 class=\"title-box_primary\">CLART\u00e9 AND LE BEULICQ VILLAS<\/h2><h3 class=\"title-box_secondary\">Holidays in Cap Ferret<\/h3><\/div><!-- \/\/.title-box -->\n<p><span class=\"T1\"><strong>Direct owner<\/strong>, we offer two holiday homes for rent in Piraillan, a small fishing village in the middle of the town of L\u00e8ge Cap Ferret. <strong>These two houses<\/strong> are completely independent of each other while being neighbors. They are rented separately or together as for groupings with friends and family.<\/span><\/p>\n<p><span class=\"T1\"><strong>- Villa Clart\u00e9<\/strong>, 83m2 on first floor, comfortably accommodates 6 people with 3 bedrooms and 2 bathrooms.<\/span><span class=\"T1\"><strong>- Villa Le Beulicq<\/strong>, 42m2 on the second floor, comfortably accommodates 2 people with 1 bedroom and 1 bathroom. Possible for 4 people with use of the sofa bed available in the living room.<\/span><\/p>\n<p><span class=\"T1\">The lodgings are <span id=\"result_box\" class=\"short_text\" lang=\"en\"><span class=\"\">habitually<\/span><\/span> rented from Saturday to Saturday (unless otherwise agreed). Parking is on the public domain at about fifty meters.<\/span><br \/>\n<div class=\"spacer\"><\/div><!-- .spacer (end) -->\n<div class=\"title-box clearfix title-box__style-2\"><h2 class=\"title-box_primary\">Our strengths<\/h2><\/div><!-- \/\/.title-box -->\n<div class=\"row \">\n<div class=\"span6 \"><section class=\"lazy-load-box trigger effect-slidefromleft \" data-delay=\"200\" data-speed=\"600\" style=\"-webkit-transition: all 600ms ease; -moz-transition: all 600ms ease; -ms-transition: all 600ms ease; -o-transition: all 600ms ease; transition: all 600ms ease;\">\n<div class=\"service-box \"><figure class=\"icon\"><i class=\"icon-ok-circle\"><\/i><\/figure><div class=\"service-box_body\"><h2 class=\"title\">In the heart of a classified Oyster village<\/h2><div class=\"service-box_txt\">In this listed site you can buy directly to the fishermen and oyster farmers and taste products of exceptional quality!<\/div><\/div><\/div><!-- \/Service Box -->\n<\/section>\n<section class=\"lazy-load-box trigger effect-slidefromleft \" data-delay=\"400\" data-speed=\"600\" style=\"-webkit-transition: all 600ms ease; -moz-transition: all 600ms ease; -ms-transition: all 600ms ease; -o-transition: all 600ms ease; transition: all 600ms ease;\">\n<div class=\"service-box \"><figure class=\"icon\"><i class=\"icon-group\"><\/i><\/figure><div class=\"service-box_body\"><h2 class=\"title\">With your family or friends<\/h2><div class=\"service-box_txt\">Our accommodations can accommodate groups comfortably. Everyone can find his place and his comfort. Possibility to rent bicycles nearby to access the ocean beaches and discover the region.<\/div><\/div><\/div><!-- \/Service Box -->\n<\/section>\n<section class=\"lazy-load-box trigger effect-slidefromleft \" data-delay=\"600\" data-speed=\"600\" style=\"-webkit-transition: all 600ms ease; -moz-transition: all 600ms ease; -ms-transition: all 600ms ease; -o-transition: all 600ms ease; transition: all 600ms ease;\">\n<div class=\"service-box \"><figure class=\"icon\"><i class=\"icon-gift\"><\/i><\/figure><div class=\"service-box_body\"><h2 class=\"title\">Free Wifi Internet and Linen provided<\/h2><div class=\"service-box_txt\">Our holiday rentals are equipped with internet with Wifi access. For your convenience, linen is provided.<\/div><\/div><\/div><!-- \/Service Box -->\n<\/section><\/div>\n<div class=\"span6 \"><section class=\"lazy-load-box trigger effect-slidefromright \" data-delay=\"200\" data-speed=\"600\" style=\"-webkit-transition: all 600ms ease; -moz-transition: all 600ms ease; -ms-transition: all 600ms ease; -o-transition: all 600ms ease; transition: all 600ms ease;\">\n<div class=\"service-box \"><figure class=\"icon\"><i class=\"icon-heart\"><\/i><\/figure><div class=\"service-box_body\"><h2 class=\"title\">Satisfaction of our guests<\/h2><div class=\"service-box_txt\">The satisfaction of our guests is our main objective ! We are waiting impatiently for the first opinions of our tenants that we will 'coddel'.<\/div><\/div><\/div><!-- \/Service Box -->\n<\/section>\n<section class=\"lazy-load-box trigger effect-slidefromright \" data-delay=\"400\" data-speed=\"600\" style=\"-webkit-transition: all 600ms ease; -moz-transition: all 600ms ease; -ms-transition: all 600ms ease; -o-transition: all 600ms ease; transition: all 600ms ease;\">\n<div class=\"service-box \"><figure class=\"icon\"><i class=\"icon-comments\"><\/i><\/figure><div class=\"service-box_body\"><h2 class=\"title\">Live Contact Owner<\/h2><div class=\"service-box_txt\">The accommodations are direct owner, we remain contactable during your stay.<\/div><\/div><\/div><!-- \/Service Box -->\n<\/section>\n<section class=\"lazy-load-box trigger effect-slidefromright \" data-delay=\"600\" data-speed=\"600\" style=\"-webkit-transition: all 600ms ease; -moz-transition: all 600ms ease; -ms-transition: all 600ms ease; -o-transition: all 600ms ease; transition: all 600ms ease;\">\n<div class=\"service-box \"><figure class=\"icon\"><i class=\"icon-food\"><\/i><\/figure><div class=\"service-box_body\"><h2 class=\"title\">Covered Market at 200m<\/h2><div class=\"service-box_txt\">The covered and outdoor market of Piraillan welcomes you every morning from the last Saturday in June to the first Sunday in September from 8 am to 1 pm. A 60th of exhibitors offer you a wide variety of products ...<\/div><\/div><\/div><!-- \/Service Box -->\n<\/section><\/div>\n<\/div><!-- .row (end) -->\n<div class=\"title-box clearfix title-box__style-2\"><h2 class=\"title-box_primary\">Request for information or reservation<\/h2><h3 class=\"title-box_secondary\">We respond to all requests within 12 hours<\/h3><\/div><!-- \/\/.title-box -->\n<p style=\"text-align: center;\"><a href=\"https:\/\/villa-clarte.com\/en\/contact-reserver\/\" title=\"Contact us\" class=\"btn btn-primary btn-large btn-inline \" target=\"_self\">Contact us<\/a><!-- .btn -->\n<div class=\"spacer\"><\/div><!-- .spacer (end) -->\n<div class=\"content_box content_box__style-2 \">\n<div class=\"title-box clearfix \"><h2 class=\"title-box_primary\">NOTICE OF OUR GUESTS<\/h2><h3 class=\"title-box_secondary\">Check out the guest reviews after our stay<\/h3><\/div><!-- \/\/.title-box -->\n<div class=\"testimonials \"><\/div>\n<div class=\"strong-view strong-view-id-1 modern wpmtst-modern slider-container slider-mode-fade slider-adaptive controls-type-sides controls-style-buttons2\" data-count=\"3\" data-slider-var=\"strong_slider_id_1\" data-state=\"idle\"><div class=\"strong-content wpmslider-content\"><div class=\"wpmtst-testimonial testimonial t-slide post-1124\"><div class=\"wpmtst-testimonial-inner testimonial-inner\"><div data-infinite-loop=\"false\"  class=\"wpmtst-testimonial-content  testimonial-content\"><h3 class=\"wpmtst-testimonial-heading testimonial-heading\">Excellent<\/h3><\/div><div class=\"wpmtst-testimonial-field testimonial-field testimonial-name\">Philippe S<\/div><div class=\"wpmtst-testimonial-field testimonial-field testimonial-company\"><span class=\"wpmtst-testimonial-field-before testimonial-field-before\">Site r\u00e9f\u00e9rent :<\/span>Google<\/div><div class=\"wpmtst-testimonial-field testimonial-field \"><span class=\"wpmtst-testimonial-field-before testimonial-field-before\">Votre location :<\/span>Villa le Beulicq<\/div><div class=\"wpmtst-testimonial-field testimonial-field \"><span class=\"wpmtst-testimonial-field-before testimonial-field-before\">Note du s\u00e9jour :<\/span><span class=\"strong-rating-wrapper in-view\"><span class=\"strong-rating\"><span class=\"star\" style=\"display: none;\"><\/span><span class=\"star\" style=\"display: inline-block;\"><svg class=\"star_solid\" aria-hidden=\"true\" role=\"img\" xmlns=\"http:\/\/www.w3.org\/2000\/svg\" viewBox=\"-8 -8 584 520\"><path d=\"M259.3 17.8L194 150.2 47.9 171.5c-26.2 3.8-36.7 36.1-17.7 54.6l105.7 103-25 145.5c-4.5 26.3 23.2 46 46.4 33.7L288 439.6l130.7 68.7c23.2 12.2 50.9-7.4 46.4-33.7l-25-145.5 105.7-103c19-18.5 8.5-50.8-17.7-54.6L382 150.2 316.7 17.8c-11.7-23.6-45.6-23.9-57.4 0z\"><\/path><\/svg><\/span><span class=\"star\" style=\"display: inline-block;\"><svg class=\"star_solid\" aria-hidden=\"true\" role=\"img\" xmlns=\"http:\/\/www.w3.org\/2000\/svg\" viewBox=\"-8 -8 584 520\"><path d=\"M259.3 17.8L194 150.2 47.9 171.5c-26.2 3.8-36.7 36.1-17.7 54.6l105.7 103-25 145.5c-4.5 26.3 23.2 46 46.4 33.7L288 439.6l130.7 68.7c23.2 12.2 50.9-7.4 46.4-33.7l-25-145.5 105.7-103c19-18.5 8.5-50.8-17.7-54.6L382 150.2 316.7 17.8c-11.7-23.6-45.6-23.9-57.4 0z\"><\/path><\/svg><\/span><span class=\"star\" style=\"display: inline-block;\"><svg class=\"star_solid\" aria-hidden=\"true\" role=\"img\" xmlns=\"http:\/\/www.w3.org\/2000\/svg\" viewBox=\"-8 -8 584 520\"><path d=\"M259.3 17.8L194 150.2 47.9 171.5c-26.2 3.8-36.7 36.1-17.7 54.6l105.7 103-25 145.5c-4.5 26.3 23.2 46 46.4 33.7L288 439.6l130.7 68.7c23.2 12.2 50.9-7.4 46.4-33.7l-25-145.5 105.7-103c19-18.5 8.5-50.8-17.7-54.6L382 150.2 316.7 17.8c-11.7-23.6-45.6-23.9-57.4 0z\"><\/path><\/svg><\/span><span class=\"star\" style=\"display: inline-block;\"><svg class=\"star_solid\" aria-hidden=\"true\" role=\"img\" xmlns=\"http:\/\/www.w3.org\/2000\/svg\" viewBox=\"-8 -8 584 520\"><path d=\"M259.3 17.8L194 150.2 47.9 171.5c-26.2 3.8-36.7 36.1-17.7 54.6l105.7 103-25 145.5c-4.5 26.3 23.2 46 46.4 33.7L288 439.6l130.7 68.7c23.2 12.2 50.9-7.4 46.4-33.7l-25-145.5 105.7-103c19-18.5 8.5-50.8-17.7-54.6L382 150.2 316.7 17.8c-11.7-23.6-45.6-23.9-57.4 0z\"><\/path><\/svg><\/span><span class=\"star\" style=\"display: inline-block;\"><svg class=\"star_solid\" aria-hidden=\"true\" role=\"img\" xmlns=\"http:\/\/www.w3.org\/2000\/svg\" viewBox=\"-8 -8 584 520\"><path d=\"M259.3 17.8L194 150.2 47.9 171.5c-26.2 3.8-36.7 36.1-17.7 54.6l105.7 103-25 145.5c-4.5 26.3 23.2 46 46.4 33.7L288 439.6l130.7 68.7c23.2 12.2 50.9-7.4 46.4-33.7l-25-145.5 105.7-103c19-18.5 8.5-50.8-17.7-54.6L382 150.2 316.7 17.8c-11.7-23.6-45.6-23.9-57.4 0z\"><\/path><\/svg><\/span><\/span><\/span><\/div><div class=\"wpmtst-testimonial-field testimonial-field \"><span class=\"wpmtst-testimonial-field-before testimonial-field-before\">Date du s\u00e9jour :<\/span>19\/08\/18<\/div><div class=\"clear\"><\/div><\/div><\/div><div class=\"wpmtst-testimonial testimonial t-slide post-1122\"><div class=\"wpmtst-testimonial-inner testimonial-inner\"><div data-infinite-loop=\"false\"  class=\"wpmtst-testimonial-content  testimonial-content\"><h3 class=\"wpmtst-testimonial-heading testimonial-heading\">Magnifique<\/h3><p>Tr\u00e8s bel emplacement La terrasse est parfaite!<\/p><\/div><div class=\"wpmtst-testimonial-field testimonial-field testimonial-name\">christine p<\/div><div class=\"wpmtst-testimonial-field testimonial-field testimonial-company\"><span class=\"wpmtst-testimonial-field-before testimonial-field-before\">Site r\u00e9f\u00e9rent :<\/span>Homelidays<\/div><div class=\"wpmtst-testimonial-field testimonial-field \"><span class=\"wpmtst-testimonial-field-before testimonial-field-before\">Votre location :<\/span>Villa le Beulicq<\/div><div class=\"wpmtst-testimonial-field testimonial-field \"><span class=\"wpmtst-testimonial-field-before testimonial-field-before\">Note du s\u00e9jour :<\/span><span class=\"strong-rating-wrapper in-view\"><span class=\"strong-rating\"><span class=\"star\" style=\"display: none;\"><\/span><span class=\"star\" style=\"display: inline-block;\"><svg class=\"star_solid\" aria-hidden=\"true\" role=\"img\" xmlns=\"http:\/\/www.w3.org\/2000\/svg\" viewBox=\"-8 -8 584 520\"><path d=\"M259.3 17.8L194 150.2 47.9 171.5c-26.2 3.8-36.7 36.1-17.7 54.6l105.7 103-25 145.5c-4.5 26.3 23.2 46 46.4 33.7L288 439.6l130.7 68.7c23.2 12.2 50.9-7.4 46.4-33.7l-25-145.5 105.7-103c19-18.5 8.5-50.8-17.7-54.6L382 150.2 316.7 17.8c-11.7-23.6-45.6-23.9-57.4 0z\"><\/path><\/svg><\/span><span class=\"star\" style=\"display: inline-block;\"><svg class=\"star_solid\" aria-hidden=\"true\" role=\"img\" xmlns=\"http:\/\/www.w3.org\/2000\/svg\" viewBox=\"-8 -8 584 520\"><path d=\"M259.3 17.8L194 150.2 47.9 171.5c-26.2 3.8-36.7 36.1-17.7 54.6l105.7 103-25 145.5c-4.5 26.3 23.2 46 46.4 33.7L288 439.6l130.7 68.7c23.2 12.2 50.9-7.4 46.4-33.7l-25-145.5 105.7-103c19-18.5 8.5-50.8-17.7-54.6L382 150.2 316.7 17.8c-11.7-23.6-45.6-23.9-57.4 0z\"><\/path><\/svg><\/span><span class=\"star\" style=\"display: inline-block;\"><svg class=\"star_solid\" aria-hidden=\"true\" role=\"img\" xmlns=\"http:\/\/www.w3.org\/2000\/svg\" viewBox=\"-8 -8 584 520\"><path d=\"M259.3 17.8L194 150.2 47.9 171.5c-26.2 3.8-36.7 36.1-17.7 54.6l105.7 103-25 145.5c-4.5 26.3 23.2 46 46.4 33.7L288 439.6l130.7 68.7c23.2 12.2 50.9-7.4 46.4-33.7l-25-145.5 105.7-103c19-18.5 8.5-50.8-17.7-54.6L382 150.2 316.7 17.8c-11.7-23.6-45.6-23.9-57.4 0z\"><\/path><\/svg><\/span><span class=\"star\" style=\"display: inline-block;\"><svg class=\"star_solid\" aria-hidden=\"true\" role=\"img\" xmlns=\"http:\/\/www.w3.org\/2000\/svg\" viewBox=\"-8 -8 584 520\"><path d=\"M259.3 17.8L194 150.2 47.9 171.5c-26.2 3.8-36.7 36.1-17.7 54.6l105.7 103-25 145.5c-4.5 26.3 23.2 46 46.4 33.7L288 439.6l130.7 68.7c23.2 12.2 50.9-7.4 46.4-33.7l-25-145.5 105.7-103c19-18.5 8.5-50.8-17.7-54.6L382 150.2 316.7 17.8c-11.7-23.6-45.6-23.9-57.4 0z\"><\/path><\/svg><\/span><span class=\"star\" style=\"display: inline-block;\"><svg class=\"star_solid\" aria-hidden=\"true\" role=\"img\" xmlns=\"http:\/\/www.w3.org\/2000\/svg\" viewBox=\"-8 -8 584 520\"><path d=\"M259.3 17.8L194 150.2 47.9 171.5c-26.2 3.8-36.7 36.1-17.7 54.6l105.7 103-25 145.5c-4.5 26.3 23.2 46 46.4 33.7L288 439.6l130.7 68.7c23.2 12.2 50.9-7.4 46.4-33.7l-25-145.5 105.7-103c19-18.5 8.5-50.8-17.7-54.6L382 150.2 316.7 17.8c-11.7-23.6-45.6-23.9-57.4 0z\"><\/path><\/svg><\/span><\/span><\/span><\/div><div class=\"wpmtst-testimonial-field testimonial-field \"><span class=\"wpmtst-testimonial-field-before testimonial-field-before\">Date du s\u00e9jour :<\/span>05\/08\/18<\/div><div class=\"clear\"><\/div><\/div><\/div><div class=\"wpmtst-testimonial testimonial t-slide post-601\"><div class=\"wpmtst-testimonial-inner testimonial-inner\"><div data-infinite-loop=\"false\"  class=\"wpmtst-testimonial-content  testimonial-content\"><h3 class=\"wpmtst-testimonial-heading testimonial-heading\">MAGNIFIQUE !!<\/h3><p>Je connaissais le village ostr\u00e9icole de piraillan avant de r\u00e9server. J&#8217;ai vraiment cherch\u00e9 et trouv\u00e9 exactement ce que je voulais &#8230;. j etais certaine d&#8217;avoir fait le bon choix ! cette semaine fut extraordinaire, la location juste parfaite, vue extraordinaire de toutes les pi\u00e8ces de l&#8217;appartement&#8230; la simplicit\u00e9, le calme, la beaut\u00e9 du lieu ! c etait parfait parfait parfait et au-dela de mes esp\u00e9rances, des rencontres sympas, un temps extraordinaire, visites a pieds, en v\u00e9lo en auto et m\u00eame \u00e0 cheval &#8230;.<\/p><p>Je l&#8217;ai r\u00e9v\u00e9 et j ai v\u00e9cu cette semaine exactement comme je l&#8217;imaginais et peut etre encore plus&#8230; merci a votre site, au propri\u00e9taire Lionel, agr\u00e9able, discret et tres cool&#8230;. son appartement est super bien \u00e9quip\u00e9, de bon gout et merveilleusement bien situ\u00e9 dans le village ! merci merci merci<\/p><\/div><div class=\"wpmtst-testimonial-field testimonial-field testimonial-name\">Catherine S.<\/div><div class=\"wpmtst-testimonial-field testimonial-field testimonial-company\"><span class=\"wpmtst-testimonial-field-before testimonial-field-before\">Site r\u00e9f\u00e9rent :<\/span>Homelidays<\/div><div class=\"wpmtst-testimonial-field testimonial-field \"><span class=\"wpmtst-testimonial-field-before testimonial-field-before\">Votre location :<\/span>Villa le Beulicq<\/div><div class=\"wpmtst-testimonial-field testimonial-field \"><span class=\"wpmtst-testimonial-field-before testimonial-field-before\">Note du s\u00e9jour :<\/span><span class=\"strong-rating-wrapper in-view\"><span class=\"strong-rating\"><span class=\"star\" style=\"display: none;\"><\/span><span class=\"star\" style=\"display: inline-block;\"><svg class=\"star_solid\" aria-hidden=\"true\" role=\"img\" xmlns=\"http:\/\/www.w3.org\/2000\/svg\" viewBox=\"-8 -8 584 520\"><path d=\"M259.3 17.8L194 150.2 47.9 171.5c-26.2 3.8-36.7 36.1-17.7 54.6l105.7 103-25 145.5c-4.5 26.3 23.2 46 46.4 33.7L288 439.6l130.7 68.7c23.2 12.2 50.9-7.4 46.4-33.7l-25-145.5 105.7-103c19-18.5 8.5-50.8-17.7-54.6L382 150.2 316.7 17.8c-11.7-23.6-45.6-23.9-57.4 0z\"><\/path><\/svg><\/span><span class=\"star\" style=\"display: inline-block;\"><svg class=\"star_solid\" aria-hidden=\"true\" role=\"img\" xmlns=\"http:\/\/www.w3.org\/2000\/svg\" viewBox=\"-8 -8 584 520\"><path d=\"M259.3 17.8L194 150.2 47.9 171.5c-26.2 3.8-36.7 36.1-17.7 54.6l105.7 103-25 145.5c-4.5 26.3 23.2 46 46.4 33.7L288 439.6l130.7 68.7c23.2 12.2 50.9-7.4 46.4-33.7l-25-145.5 105.7-103c19-18.5 8.5-50.8-17.7-54.6L382 150.2 316.7 17.8c-11.7-23.6-45.6-23.9-57.4 0z\"><\/path><\/svg><\/span><span class=\"star\" style=\"display: inline-block;\"><svg class=\"star_solid\" aria-hidden=\"true\" role=\"img\" xmlns=\"http:\/\/www.w3.org\/2000\/svg\" viewBox=\"-8 -8 584 520\"><path d=\"M259.3 17.8L194 150.2 47.9 171.5c-26.2 3.8-36.7 36.1-17.7 54.6l105.7 103-25 145.5c-4.5 26.3 23.2 46 46.4 33.7L288 439.6l130.7 68.7c23.2 12.2 50.9-7.4 46.4-33.7l-25-145.5 105.7-103c19-18.5 8.5-50.8-17.7-54.6L382 150.2 316.7 17.8c-11.7-23.6-45.6-23.9-57.4 0z\"><\/path><\/svg><\/span><span class=\"star\" style=\"display: inline-block;\"><svg class=\"star_solid\" aria-hidden=\"true\" role=\"img\" xmlns=\"http:\/\/www.w3.org\/2000\/svg\" viewBox=\"-8 -8 584 520\"><path d=\"M259.3 17.8L194 150.2 47.9 171.5c-26.2 3.8-36.7 36.1-17.7 54.6l105.7 103-25 145.5c-4.5 26.3 23.2 46 46.4 33.7L288 439.6l130.7 68.7c23.2 12.2 50.9-7.4 46.4-33.7l-25-145.5 105.7-103c19-18.5 8.5-50.8-17.7-54.6L382 150.2 316.7 17.8c-11.7-23.6-45.6-23.9-57.4 0z\"><\/path><\/svg><\/span><span class=\"star\" style=\"display: inline-block;\"><svg class=\"star_solid\" aria-hidden=\"true\" role=\"img\" xmlns=\"http:\/\/www.w3.org\/2000\/svg\" viewBox=\"-8 -8 584 520\"><path d=\"M259.3 17.8L194 150.2 47.9 171.5c-26.2 3.8-36.7 36.1-17.7 54.6l105.7 103-25 145.5c-4.5 26.3 23.2 46 46.4 33.7L288 439.6l130.7 68.7c23.2 12.2 50.9-7.4 46.4-33.7l-25-145.5 105.7-103c19-18.5 8.5-50.8-17.7-54.6L382 150.2 316.7 17.8c-11.7-23.6-45.6-23.9-57.4 0z\"><\/path><\/svg><\/span><\/span><\/span><\/div><div class=\"wpmtst-testimonial-field testimonial-field \"><span class=\"wpmtst-testimonial-field-before testimonial-field-before\">Date du s\u00e9jour :<\/span>18\/09\/16<\/div><div class=\"clear\"><\/div><\/div><\/div><\/div><\/div>\n<div class=\"clear\"><\/div><\/div><!-- .content_box (end) -->\n<div class=\"row \">\n<div class=\"span6 extra-column-1\"><div class=\"vertical-divider vertical-divider__style-2\">\n<section class=\"lazy-load-box trigger effect-slidefromleft \" data-delay=\"0\" data-speed=\"600\" style=\"-webkit-transition: all 600ms ease; -moz-transition: all 600ms ease; -ms-transition: all 600ms ease; -o-transition: all 600ms ease; transition: all 600ms ease;\">\n<h3>THE OWNER<\/h3>\n<p><img loading=\"lazy\" decoding=\"async\" class=\"alignleft wp-image-86\" title=\"Lionel\" src=\"https:\/\/villa-clarte.com\/wp-content\/uploads\/2017\/01\/LIONEL-PERRAIN.jpg\" alt=\"Villa-clarte presqu'ile de L\u00e8ge Cap Ferret Bassin d'Arcachon\" width=\"220\" height=\"294\"><\/p>\n<h4>I'm <strong>LIONEL<\/strong>, I offer these holiday rentals since 2006.<\/h4>\n<h4>Always reachable, we will make your stay at Cap Ferret easier !<\/h4>\n<a href=\"https:\/\/villa-clarte.com\/en\/contact-reserver\/\" title=\"Contact us\" class=\"btn btn-primary btn-large btn-inline \" target=\"_self\">Contact us<\/a><!-- .btn -->\n<div class=\"spacer\"><\/div><!-- .spacer (end) -->\n<\/section>\n<\/div><!-- divider (end) --><\/div>\n<div class=\"span6 extra-column-2\"><section class=\"lazy-load-box trigger effect-slidefromright \" data-delay=\"0\" data-speed=\"600\" style=\"-webkit-transition: all 600ms ease; -moz-transition: all 600ms ease; -ms-transition: all 600ms ease; -o-transition: all 600ms ease; transition: all 600ms ease;\">\n\n<\/section><\/div>\n<\/div><!-- .row (end) -->\n","protected":false},"excerpt":{"rendered":"<p>Direct owner, we offer two holiday homes for rent in Piraillan, a small fishing village in the middle of the town of L\u00e8ge Cap Ferret. These two houses are completely independent of each other while being neighbors. They are rented separately or together as for groupings with friends and family. - Villa Clart\u00e9, 83m2 on first floor, comfortably accommodates 6&nbsp;<a href=\"https:\/\/villa-clarte.com\/en\/\" class=\"read-more\">Continue Reading<\/a><\/p>\n","protected":false},"author":1,"featured_media":1839,"parent":0,"menu_order":0,"comment_status":"closed","ping_status":"closed","template":"page-home.php","meta":{"footnotes":""},"class_list":["post-140","page","type-page","status-publish","has-post-thumbnail","hentry"],"aioseo_notices":[],"_links":{"self":[{"href":"https:\/\/villa-clarte.com\/en\/wp-json\/wp\/v2\/pages\/140","targetHints":{"allow":["GET"]}}],"collection":[{"href":"https:\/\/villa-clarte.com\/en\/wp-json\/wp\/v2\/pages"}],"about":[{"href":"https:\/\/villa-clarte.com\/en\/wp-json\/wp\/v2\/types\/page"}],"author":[{"embeddable":true,"href":"https:\/\/villa-clarte.com\/en\/wp-json\/wp\/v2\/users\/1"}],"replies":[{"embeddable":true,"href":"https:\/\/villa-clarte.com\/en\/wp-json\/wp\/v2\/comments?post=140"}],"version-history":[{"count":0,"href":"https:\/\/villa-clarte.com\/en\/wp-json\/wp\/v2\/pages\/140\/revisions"}],"wp:featuredmedia":[{"embeddable":true,"href":"https:\/\/villa-clarte.com\/en\/wp-json\/wp\/v2\/media\/1839"}],"wp:attachment":[{"href":"https:\/\/villa-clarte.com\/en\/wp-json\/wp\/v2\/media?parent=140"}],"curies":[{"name":"wp","href":"https:\/\/api.w.org\/{rel}","templated":true}]}}